{"id":46442,"date":"2024-02-22T15:56:38","date_gmt":"2024-02-22T14:56:38","guid":{"rendered":"https:\/\/cvecaraonlinebeograd.rs\/?post_type=product&#038;p=46442"},"modified":"2026-03-14T13:53:58","modified_gmt":"2026-03-14T12:53:58","slug":"pink-collection-s","status":"publish","type":"product","link":"https:\/\/cvecaraonlinebeograd.rs\/en\/proizod\/pink-collection-s\/","title":{"rendered":"Pink collection S"},"content":{"rendered":"<table width=\"361\">\n<tbody>\n<tr>\n<td width=\"92\"><strong>Flower type<\/strong><\/td>\n<td width=\"132\"><strong>Shade<\/strong><\/td>\n<td width=\"137\"><strong>Number of Flowers in a Bouquet<\/strong><\/td>\n<\/tr>\n<tr>\n<td>Chrysostom<\/td>\n<td>pink<\/td>\n<td>1<\/td>\n<\/tr>\n<tr>\n<td>Hypericum<\/td>\n<td>pink<\/td>\n<td>2<\/td>\n<\/tr>\n<tr>\n<td>Rose<\/td>\n<td>pink<\/td>\n<td>2<\/td>\n<\/tr>\n<tr>\n<td>Chrysanthemum<\/td>\n<td>pink<\/td>\n<td>2<\/td>\n<\/tr>\n<tr>\n<td>Chrysanthemum<\/td>\n<td>pink<\/td>\n<td>2<\/td>\n<\/tr>\n<tr>\n<td>Cocolus<\/td>\n<td>greenery<\/td>\n<td>2<\/td>\n<\/tr>\n<tr>\n<td>Campanula<\/td>\n<td>pink<\/td>\n<td>2<\/td>\n<\/tr>\n<tr>\n<td>Veronica<\/td>\n<td>pink<\/td>\n<td>2<\/td>\n<\/tr>\n<tr>\n<td colspan=\"2\"><strong>Total Flowers in the Bouquet<\/strong><\/td>\n<td>15<\/td>\n<\/tr>\n<\/tbody>\n<\/table>","protected":false},"excerpt":{"rendered":"<p>Type of Flower Shade Number of Flowers in Bouquet Chrysanthemum pink 1 Hypericum pink 2 Rose pink 2 Chrysanthemum pink 2 Chrysanthemum pink 2 Cocolus green 2 Campanula pink 2 Veronica pink 2 Total Flowers in Bouquet 15<\/p>","protected":false},"featured_media":46642,"template":"","meta":[],"product_cat":[239],"product_tag":[],"yoast_head":"<!-- This site is optimized with the Yoast SEO plugin v19.6.1 - https:\/\/yoast.com\/wordpress\/plugins\/seo\/ -->\n<title>Pink collection S - Cve\u0107ara Online Beograd<\/title>\n<meta name=\"robots\" content=\"index, follow, max-snippet:-1, max-image-preview:large, max-video-preview:-1\" \/>\n<link rel=\"canonical\" href=\"https:\/\/cvecaraonlinebeograd.rs\/en\/proizod\/pink-collection-s\/\" \/>\n<meta property=\"og:locale\" content=\"en_US\" \/>\n<meta property=\"og:type\" content=\"article\" \/>\n<meta property=\"og:title\" content=\"Pink collection S - Cve\u0107ara Online Beograd\" \/>\n<meta property=\"og:description\" content=\"Vrsta Cveta Nijansa Broj Cvetova u Buketu Hriz kom roze 1 Hiperikum roze 2 Ru\u017ea roze 2 Hrizantema roze 2 Hrizantema roze 2 Kokolus zelenilo 2 Kampanula roze 2 Veronika roze 2 Ukupno Cvetova u Buketu 15\" \/>\n<meta property=\"og:url\" content=\"https:\/\/cvecaraonlinebeograd.rs\/en\/proizod\/pink-collection-s\/\" \/>\n<meta property=\"og:site_name\" content=\"Cve\u0107ara Online Beograd\" \/>\n<meta property=\"article:modified_time\" content=\"2026-03-14T12:53:58+00:00\" \/>\n<meta property=\"og:image\" content=\"https:\/\/cvecaraonlinebeograd.rs\/wp-content\/uploads\/2024\/03\/pink-collection-s.jpg\" \/>\n\t<meta property=\"og:image:width\" content=\"1024\" \/>\n\t<meta property=\"og:image:height\" content=\"1024\" \/>\n\t<meta property=\"og:image:type\" content=\"image\/jpeg\" \/>\n<meta name=\"twitter:card\" content=\"summary_large_image\" \/>\n<script type=\"application\/ld+json\" class=\"yoast-schema-graph\">{\"@context\":\"https:\/\/schema.org\",\"@graph\":[{\"@type\":[\"WebPage\",\"ItemPage\"],\"@id\":\"https:\/\/cvecaraonlinebeograd.rs\/proizod\/pink-collection-s\/\",\"url\":\"https:\/\/cvecaraonlinebeograd.rs\/proizod\/pink-collection-s\/\",\"name\":\"Pink collection S - Cve\u0107ara Online Beograd\",\"isPartOf\":{\"@id\":\"https:\/\/cvecaraonlinebeograd.rs\/#website\"},\"datePublished\":\"2024-02-22T14:56:38+00:00\",\"dateModified\":\"2026-03-14T12:53:58+00:00\",\"breadcrumb\":{\"@id\":\"https:\/\/cvecaraonlinebeograd.rs\/proizod\/pink-collection-s\/#breadcrumb\"},\"inLanguage\":\"en-US\",\"potentialAction\":[{\"@type\":\"ReadAction\",\"target\":[\"https:\/\/cvecaraonlinebeograd.rs\/proizod\/pink-collection-s\/\"]}]},{\"@type\":\"BreadcrumbList\",\"@id\":\"https:\/\/cvecaraonlinebeograd.rs\/proizod\/pink-collection-s\/#breadcrumb\",\"itemListElement\":[{\"@type\":\"ListItem\",\"position\":1,\"name\":\"Prodavnica\",\"item\":\"https:\/\/cvecaraonlinebeograd.rs\/prodavnica\/\"},{\"@type\":\"ListItem\",\"position\":2,\"name\":\"Pink collection S\"}]},{\"@type\":\"WebSite\",\"@id\":\"https:\/\/cvecaraonlinebeograd.rs\/#website\",\"url\":\"https:\/\/cvecaraonlinebeograd.rs\/\",\"name\":\"Cve\u0107ara Online Beograd\",\"description\":\"Dostava cve\u0107a Beograd, sve za cve\u0107e. Cve\u0107e. Dekor. Stil\",\"publisher\":{\"@id\":\"https:\/\/cvecaraonlinebeograd.rs\/#organization\"},\"potentialAction\":[{\"@type\":\"SearchAction\",\"target\":{\"@type\":\"EntryPoint\",\"urlTemplate\":\"https:\/\/cvecaraonlinebeograd.rs\/?s={search_term_string}\"},\"query-input\":\"required name=search_term_string\"}],\"inLanguage\":\"en-US\"},{\"@type\":\"Organization\",\"@id\":\"https:\/\/cvecaraonlinebeograd.rs\/#organization\",\"name\":\"Cve\u0107ara Online Beograd\",\"url\":\"https:\/\/cvecaraonlinebeograd.rs\/\",\"sameAs\":[],\"logo\":{\"@type\":\"ImageObject\",\"inLanguage\":\"en-US\",\"@id\":\"https:\/\/cvecaraonlinebeograd.rs\/#\/schema\/logo\/image\/\",\"url\":\"https:\/\/cvecaraonlinebeograd.rs\/wp-content\/uploads\/2022\/06\/Icon-Color.png\",\"contentUrl\":\"https:\/\/cvecaraonlinebeograd.rs\/wp-content\/uploads\/2022\/06\/Icon-Color.png\",\"width\":375,\"height\":375,\"caption\":\"Cve\u0107ara Online Beograd\"},\"image\":{\"@id\":\"https:\/\/cvecaraonlinebeograd.rs\/#\/schema\/logo\/image\/\"}}]}<\/script>\n<!-- \/ Yoast SEO plugin. -->","yoast_head_json":{"title":"Pink collection S - Cve\u0107ara Online Beograd","robots":{"index":"index","follow":"follow","max-snippet":"max-snippet:-1","max-image-preview":"max-image-preview:large","max-video-preview":"max-video-preview:-1"},"canonical":"https:\/\/cvecaraonlinebeograd.rs\/en\/proizod\/pink-collection-s\/","og_locale":"en_US","og_type":"article","og_title":"Pink collection S - Cve\u0107ara Online Beograd","og_description":"Vrsta Cveta Nijansa Broj Cvetova u Buketu Hriz kom roze 1 Hiperikum roze 2 Ru\u017ea roze 2 Hrizantema roze 2 Hrizantema roze 2 Kokolus zelenilo 2 Kampanula roze 2 Veronika roze 2 Ukupno Cvetova u Buketu 15","og_url":"https:\/\/cvecaraonlinebeograd.rs\/en\/proizod\/pink-collection-s\/","og_site_name":"Cve\u0107ara Online Beograd","article_modified_time":"2026-03-14T12:53:58+00:00","og_image":[{"width":1024,"height":1024,"url":"https:\/\/cvecaraonlinebeograd.rs\/wp-content\/uploads\/2024\/03\/pink-collection-s.jpg","type":"image\/jpeg"}],"twitter_card":"summary_large_image","schema":{"@context":"https:\/\/schema.org","@graph":[{"@type":["WebPage","ItemPage"],"@id":"https:\/\/cvecaraonlinebeograd.rs\/proizod\/pink-collection-s\/","url":"https:\/\/cvecaraonlinebeograd.rs\/proizod\/pink-collection-s\/","name":"Pink collection S - Cve\u0107ara Online Beograd","isPartOf":{"@id":"https:\/\/cvecaraonlinebeograd.rs\/#website"},"datePublished":"2024-02-22T14:56:38+00:00","dateModified":"2026-03-14T12:53:58+00:00","breadcrumb":{"@id":"https:\/\/cvecaraonlinebeograd.rs\/proizod\/pink-collection-s\/#breadcrumb"},"inLanguage":"en-US","potentialAction":[{"@type":"ReadAction","target":["https:\/\/cvecaraonlinebeograd.rs\/proizod\/pink-collection-s\/"]}]},{"@type":"BreadcrumbList","@id":"https:\/\/cvecaraonlinebeograd.rs\/proizod\/pink-collection-s\/#breadcrumb","itemListElement":[{"@type":"ListItem","position":1,"name":"Prodavnica","item":"https:\/\/cvecaraonlinebeograd.rs\/prodavnica\/"},{"@type":"ListItem","position":2,"name":"Pink collection S"}]},{"@type":"WebSite","@id":"https:\/\/cvecaraonlinebeograd.rs\/#website","url":"https:\/\/cvecaraonlinebeograd.rs\/","name":"Cve\u0107ara Online Beograd","description":"Dostava cve\u0107a Beograd, sve za cve\u0107e. Cve\u0107e. Dekor. Stil","publisher":{"@id":"https:\/\/cvecaraonlinebeograd.rs\/#organization"},"potentialAction":[{"@type":"SearchAction","target":{"@type":"EntryPoint","urlTemplate":"https:\/\/cvecaraonlinebeograd.rs\/?s={search_term_string}"},"query-input":"required name=search_term_string"}],"inLanguage":"en-US"},{"@type":"Organization","@id":"https:\/\/cvecaraonlinebeograd.rs\/#organization","name":"Cve\u0107ara Online Beograd","url":"https:\/\/cvecaraonlinebeograd.rs\/","sameAs":[],"logo":{"@type":"ImageObject","inLanguage":"en-US","@id":"https:\/\/cvecaraonlinebeograd.rs\/#\/schema\/logo\/image\/","url":"https:\/\/cvecaraonlinebeograd.rs\/wp-content\/uploads\/2022\/06\/Icon-Color.png","contentUrl":"https:\/\/cvecaraonlinebeograd.rs\/wp-content\/uploads\/2022\/06\/Icon-Color.png","width":375,"height":375,"caption":"Cve\u0107ara Online Beograd"},"image":{"@id":"https:\/\/cvecaraonlinebeograd.rs\/#\/schema\/logo\/image\/"}}]}},"_links":{"self":[{"href":"https:\/\/cvecaraonlinebeograd.rs\/en\/wp-json\/wp\/v3\/product\/46442"}],"collection":[{"href":"https:\/\/cvecaraonlinebeograd.rs\/en\/wp-json\/wp\/v3\/product"}],"about":[{"href":"https:\/\/cvecaraonlinebeograd.rs\/en\/wp-json\/wp\/v2\/types\/product"}],"version-history":[{"count":1,"href":"https:\/\/cvecaraonlinebeograd.rs\/en\/wp-json\/wp\/v3\/product\/46442\/revisions"}],"predecessor-version":[{"id":46443,"href":"https:\/\/cvecaraonlinebeograd.rs\/en\/wp-json\/wp\/v3\/product\/46442\/revisions\/46443"}],"wp:featuredmedia":[{"embeddable":true,"href":"https:\/\/cvecaraonlinebeograd.rs\/en\/wp-json\/wp\/v2\/media\/46642"}],"wp:attachment":[{"href":"https:\/\/cvecaraonlinebeograd.rs\/en\/wp-json\/wp\/v2\/media?parent=46442"}],"wp:term":[{"taxonomy":"product_cat","embeddable":true,"href":"https:\/\/cvecaraonlinebeograd.rs\/en\/wp-json\/wp\/v2\/product_cat?post=46442"},{"taxonomy":"product_tag","embeddable":true,"href":"https:\/\/cvecaraonlinebeograd.rs\/en\/wp-json\/wp\/v2\/product_tag?post=46442"}],"curies":[{"name":"wp","href":"https:\/\/api.w.org\/{rel}","templated":true}]}}